{"id":262,"date":"2024-11-27T10:26:21","date_gmt":"2024-11-27T09:26:21","guid":{"rendered":"https:\/\/deine-datenschuetzer.de\/?page_id=262"},"modified":"2024-11-27T10:27:27","modified_gmt":"2024-11-27T09:27:27","slug":"wer-ist-von-nis-2-betroffen","status":"publish","type":"page","link":"https:\/\/deine-datenschuetzer.de\/index.php\/portfolio\/nis-2-richtlinie\/wer-ist-von-nis-2-betroffen\/","title":{"rendered":"Wer ist von NIS-2 &#8222;betroffen&#8220;`?"},"content":{"rendered":"<p><span id=\"wpaicg-chat-message-97169\" class=\"wpaicg-chat-message\">Die NIS-2-Richtlinie betrifft eine Vielzahl von Unternehmen und Organisationen, die in verschiedenen Sektoren t\u00e4tig sind. Hier ist eine \u00dcbersicht der betroffenen Firmen und Sektoren, die die Richtlinie umsetzen m\u00fcssen:<\/span><\/p>\n<p>1. Essenzielle Sektoren:<br \/>\n&#8211; Energie: Unternehmen, die in der Strom-, Gas- und \u00d6lversorgung t\u00e4tig sind.<br \/>\n&#8211; Verkehr: Betreiber von Luft-, See- und Schienenverkehr sowie von Stra\u00dfenverkehrsinfrastrukturen.<br \/>\n&#8211; Gesundheitswesen: Krankenh\u00e4user, Kliniken und andere Gesundheitsdienstleister.<br \/>\n&#8211; Wasser: Unternehmen, die Wasserversorgung und Abwasserentsorgung anbieten.<br \/>\n&#8211; Digitale Infrastruktur: Anbieter von Cloud-Diensten, Rechenzentren und Internet-Austauschpunkten.<\/p>\n<p>2. Wichtige Sektoren:<br \/>\n&#8211; Post- und Kurierdienste: Unternehmen, die Post- und Paketdienste anbieten.<br \/>\n&#8211; Lebensmittel: Unternehmen, die in der Lebensmittelproduktion und -verarbeitung t\u00e4tig sind.<br \/>\n&#8211; Finanzdienstleistungen: Banken, Versicherungen und andere Finanzinstitute.<br \/>\n&#8211; Digitale Dienste: Plattformen f\u00fcr soziale Medien, Online-Marktpl\u00e4tze und Suchmaschinen.<\/p>\n<p>3. Zus\u00e4tzliche Unternehmen:<br \/>\n&#8211; Anbieter von kritischen Dienstleistungen: Unternehmen, die Dienstleistungen anbieten, die f\u00fcr die Aufrechterhaltung der \u00f6ffentlichen Ordnung und Sicherheit wichtig sind.<br \/>\n&#8211; Lieferanten und Dienstleister: Unternehmen, die kritische Komponenten oder Dienstleistungen f\u00fcr die oben genannten Sektoren bereitstellen.<\/p>\n<p>Die NIS-2-Richtlinie legt spezifische Sicherheitsanforderungen und Meldepflichten f\u00fcr diese Unternehmen fest, um die Cybersicherheit zu erh\u00f6hen und die Resilienz gegen\u00fcber Cyberangriffen zu verbessern. Die genaue Umsetzung kann je nach Gr\u00f6\u00dfe und Art des Unternehmens variieren, wobei gr\u00f6\u00dfere Unternehmen in der Regel strengeren Anforderungen unterliegen.<\/p>\n<p>&nbsp;<\/p>\n<p>Grunds\u00e4tzlich gilt aber, dass die Umsetzung der Richtline, auch wenn kein MUSS, f\u00fcr jedes Unternehmen von Vorteil ist.<\/p>\n","protected":false},"excerpt":{"rendered":"<p>Die NIS-2-Richtlinie betrifft eine Vielzahl von Unternehmen und Organisationen, die in verschiedenen Sektoren t\u00e4tig sind. Hier ist eine \u00dcbersicht der betroffenen Firmen und Sektoren, die die Richtlinie umsetzen m\u00fcssen: 1. Essenzielle Sektoren: &#8211; Energie: Unternehmen, die in der Strom-, Gas- und \u00d6lversorgung t\u00e4tig sind. &#8211; Verkehr: Betreiber von Luft-, See- und Schienenverkehr sowie von Stra\u00dfenverkehrsinfrastrukturen. &hellip; <\/p>\n<p class=\"link-more\"><a href=\"https:\/\/deine-datenschuetzer.de\/index.php\/portfolio\/nis-2-richtlinie\/wer-ist-von-nis-2-betroffen\/\" class=\"more-link\"><span class=\"screen-reader-text\">\u201eWer ist von NIS-2 &#8222;betroffen&#8220;`?\u201c<\/span> weiterlesen<\/a><\/p>\n","protected":false},"author":1,"featured_media":0,"parent":255,"menu_order":0,"comment_status":"closed","ping_status":"closed","template":"","meta":{"footnotes":""},"class_list":["post-262","page","type-page","status-publish","hentry"],"_links":{"self":[{"href":"https:\/\/deine-datenschuetzer.de\/index.php\/wp-json\/wp\/v2\/pages\/262","targetHints":{"allow":["GET"]}}],"collection":[{"href":"https:\/\/deine-datenschuetzer.de\/index.php\/wp-json\/wp\/v2\/pages"}],"about":[{"href":"https:\/\/deine-datenschuetzer.de\/index.php\/wp-json\/wp\/v2\/types\/page"}],"author":[{"embeddable":true,"href":"https:\/\/deine-datenschuetzer.de\/index.php\/wp-json\/wp\/v2\/users\/1"}],"replies":[{"embeddable":true,"href":"https:\/\/deine-datenschuetzer.de\/index.php\/wp-json\/wp\/v2\/comments?post=262"}],"version-history":[{"count":3,"href":"https:\/\/deine-datenschuetzer.de\/index.php\/wp-json\/wp\/v2\/pages\/262\/revisions"}],"predecessor-version":[{"id":265,"href":"https:\/\/deine-datenschuetzer.de\/index.php\/wp-json\/wp\/v2\/pages\/262\/revisions\/265"}],"up":[{"embeddable":true,"href":"https:\/\/deine-datenschuetzer.de\/index.php\/wp-json\/wp\/v2\/pages\/255"}],"wp:attachment":[{"href":"https:\/\/deine-datenschuetzer.de\/index.php\/wp-json\/wp\/v2\/media?parent=262"}],"curies":[{"name":"wp","href":"https:\/\/api.w.org\/{rel}","templated":true}]}}